{"id":824,"date":"2020-03-01T13:17:26","date_gmt":"2020-03-01T13:17:26","guid":{"rendered":"http:\/\/www.globalclickz.com\/develop\/tacon\/?page_id=824"},"modified":"2021-04-15T10:54:02","modified_gmt":"2021-04-15T10:54:02","slug":"contract-manufacturing","status":"publish","type":"page","link":"https:\/\/www.tacon.nl\/nl\/services\/contract-manufacturing\/","title":{"rendered":"Loonwerk"},"content":{"rendered":"<div class=\"wpb-content-wrapper\"><div class=\"vc_row wpb_row vc_row-fluid vc_custom_1548940421216 vc_column-gap-64 vc-row-544602\" >\n\t<div class=\"container et-clearfix\">\n\t\t<div class=\"wpb_column vc_column_container vc_col-sm-12 vc_col-lg-4 vc_col-md-5 vc_col-xs-12 text-align-none vc-column-195820\" >\n\t<div class=\"vc_column-inner\" >\n\t\t<div class=\"wpb_wrapper\">\n\t\t\t<div  class=\"vc_wp_custommenu wpb_content_element\"><\/div><div class=\"vc_row wpb_row vc_inner vc_row-fluid vc_column-gap-0 vc-row-795222\"><div class=\"background-position-right-bottom wpb_column vc_column_container vc_col-sm-12 vc_col-lg-12 vc_col-md-12 vc_col-xs-12 vc_col-has-fill\"><div class=\"vc_column-inner vc_custom_1550830640079\"><div class=\"wpb_wrapper\"><h1 class=\"et-heading text-align-left tablet-text-align-inherit mobile-text-align-inherit animate-false no-animation-type\" id=\"et-heading-508038\" data-delay=\"0\" data-mobile-font=\"32px\" data-mobile-line-height=\"32px\" data-tablet-landscape-font=\"inherit\" data-tablet-portrait-font=\"inherit\" data-tablet-landscape-line-height=\"inherit\" data-tablet-portrait-line-height=\"inherit\" data-parallax=\"false\" data-move=\"false\" data-coordinatex=\"0\" data-coordinatey=\"0\" data-speed=\"10\"><span class=\"text-wrapper\"><span class=\"text\">eBook<span class=\"et-gap et-clearfix et-gap-1\"><\/span>Adhesive <span class=\"et-gap et-clearfix et-gap-1\"><\/span> Tape <span class=\"et-gap et-clearfix et-gap-1\"><\/span><span class=\"highlight\" style=\"color: #f29505; font-size: 72px; line-height: 80px;\">101<\/span><\/span><\/span><\/h1><span class=\"et-gap et-clearfix et-gap-788339\"><\/span><a id=\"et-button-682041\" class=\"et-button icon-position-right modal-false large hover-fill click-none has-icon\" target=\"_self\" href=\"\/nl\/download-ebook-adhesive-tape-101\/\" data-animation-delay=\"0\" data-parallax=\"false\" data-move=\"false\" data-coordinatex=\"0\" data-coordinatey=\"0\" data-speed=\"10\"><span class=\"hover\"><\/span><span class=\"regular\"><\/span><span class=\"text\">Download hier<\/span><span class=\"icon ien ien-earrow-3\"><\/span><\/a><\/div><\/div><\/div><div class=\"background-position-right-bottom wpb_column vc_column_container vc_col-sm-12 vc_col-lg-12 vc_col-md-12 vc_col-xs-12 vc_col-has-fill\"><div class=\"vc_column-inner vc_custom_1550830677490\"><div class=\"wpb_wrapper\"><h1 class=\"et-heading text-align-left tablet-text-align-inherit mobile-text-align-inherit animate-false no-animation-type\" id=\"et-heading-534225\" data-delay=\"0\" data-mobile-font=\"32px\" data-mobile-line-height=\"32px\" data-tablet-landscape-font=\"inherit\" data-tablet-portrait-font=\"inherit\" data-tablet-landscape-line-height=\"inherit\" data-tablet-portrait-line-height=\"inherit\" data-parallax=\"false\" data-move=\"false\" data-coordinatex=\"0\" data-coordinatey=\"0\" data-speed=\"10\"><span class=\"text-wrapper\"><span class=\"text\">Vacatures <span class=\"et-gap et-clearfix et-gap-1\"><\/span> positions<\/span><\/span><\/h1><span class=\"et-gap et-clearfix et-gap-473052 hide767\"><\/span><span class=\"et-gap et-clearfix et-gap-970539 hide768\"><\/span><a id=\"et-button-788807\" class=\"et-button icon-position-right modal-false large hover-fill click-none has-icon\" target=\"_self\" href=\"https:\/\/www.tacon.nl\/nl\/career\/\" data-animation-delay=\"0\" data-parallax=\"false\" data-move=\"false\" data-coordinatex=\"0\" data-coordinatey=\"0\" data-speed=\"10\"><span class=\"hover\"><\/span><span class=\"regular\"><\/span><span class=\"text\">Meer informatie<\/span><span class=\"icon ien ien-earrow-3\"><\/span><\/a><\/div><\/div><\/div><\/div><span class=\"et-gap et-clearfix et-gap-579052 hide1024\"><\/span>\t\t<\/div>\n\t\t\t<\/div>\n<\/div><div class=\"wpb_column vc_column_container vc_col-sm-12 vc_col-lg-8 vc_col-md-7 vc_col-xs-12 text-align-none vc-column-21206\" >\n\t<div class=\"vc_column-inner\" >\n\t\t<div class=\"wpb_wrapper\">\n\t\t\t<h1 class=\"et-heading text-align-left tablet-text-align-inherit mobile-text-align-inherit animate-false no-animation-type\" id=\"et-heading-699070\" data-delay=\"0\" data-mobile-font=\"inherit\" data-mobile-line-height=\"inherit\" data-tablet-landscape-font=\"inherit\" data-tablet-portrait-font=\"inherit\" data-tablet-landscape-line-height=\"inherit\" data-tablet-portrait-line-height=\"inherit\" data-parallax=\"false\" data-move=\"false\" data-coordinatex=\"0\" data-coordinatey=\"0\" data-speed=\"10\"><span class=\"text-wrapper\"><span class=\"text\">Stronger together<\/span><\/span><\/h1><span class=\"et-gap et-clearfix et-gap-70441\"><\/span>\n<div class=\"wpb_text_column wpb_content_element\"  data-animation-delay=\"0\">\n\t<div class=\"wpb_wrapper\">\n\t\t<span class=\"et-font-size\" data-fontsize=\"20px\" data-lineheight=\"32px\"><strong>Tacon<\/strong> maakt zelfklevende tapes en flexibele materialen tot onderdelen en eindproducten voor private labels in heel Europa.\u00a0 Met andere woorden, fabrikanten huren Tacon in om te helpen bij de productie van hun producten. <\/span>\n\t<\/div>\n<\/div>\n\n<span class=\"et-gap et-clearfix et-gap-803736\"><\/span>\n<div class=\"wpb_text_column wpb_content_element\"  data-animation-delay=\"0\">\n\t<div class=\"wpb_wrapper\">\n\t\t<p>Ons ervaren team van product-engineers kan u assisteren met het proces van ontwerp tot ontwikkeling. Van prototyping tot het managen  van de volledige productie. We helpen niet alleen de productiekosten te verlagen, maar onze ontwerpexpertise zorgt ook voor innovatieve kwaliteitsproducten.<\/p>\n<p>Wij bieden converting services aan zoals stansen, snijden, lamineren, printen, vellen, spoelen, terugspoelen en eindeloos veel andere diensten.<\/p>\n\t<\/div>\n<\/div>\n\n<span class=\"et-gap et-clearfix et-gap-261972\"><\/span><div id=\"et-icon-box-container-841832\" class=\"column-2 et-icon-box-container et-item-set effect-none animation-type-sequential top no-border\"><div id=\"et-icon-box-826665\" class=\"et-icon-box et-item icon-position-left icon-alignment-left hover-none\" data-parallax=\"false\" data-move=\"false\" data-coordinatex=\"0\" data-coordinatey=\"0\" data-speed=\"10\"><div class=\"et-icon-box-inner et-item-inner et-clearfix\"><div class=\"et-icon border-radius-large full small\"><span class=\"el-icon fas fa-angle-right\"><\/span><\/div><div class=\"et-icon-content et-clearfix\"><h4 class=\"et-icon-box-title\">Cutting<\/h4><p class=\"et-icon-box-content\"><span style=\"font-weight: 600;\"><span class=\"et-font-size\" data-fontsize=\"18px\" data-lineheight=\"28px\">Tacon, Tape Converters heeft verschillende snijmachines voor tapes in verschillende maten. Door de tapes op een effici\u00ebnte manier te snijden kunnen we deze converteren met minder afval, wat kostenbesparend is en het milieu ten goede komt.<\/span><\/span><\/p>\n<p><img loading=\"lazy\" decoding=\"async\" class=\"alignnone size-medium wp-image-798\" src=\"http:\/\/www.globalclickz.com\/develop\/tacon\/wp-content\/uploads\/2020\/02\/tape-converters-cutting-300x300.jpg\" alt=\"\" width=\"300\" height=\"300\" \/><\/p><\/div><\/div><\/div><div id=\"et-icon-box-44147\" class=\"et-icon-box et-item icon-position-left icon-alignment-left hover-none\" data-parallax=\"false\" data-move=\"false\" data-coordinatex=\"0\" data-coordinatey=\"0\" data-speed=\"10\"><div class=\"et-icon-box-inner et-item-inner et-clearfix\"><div class=\"et-icon border-radius-large full small\"><span class=\"el-icon fas fa-angle-right\"><\/span><\/div><div class=\"et-icon-content et-clearfix\"><h4 class=\"et-icon-box-title\">Die-cut<\/h4><p class=\"et-icon-box-content\"><span style=\"font-weight: 600;\"><span class=\"et-font-size\" data-fontsize=\"18px\" data-lineheight=\"28px\">Onze stans machines kunnen tapes omzetten in een grote verscheidenheid aan maten en vormen. De gestanste tapes zijn eenvoudig aan te brengen. Waarmee de aanbreng tijd verkort  of zoeken naar een oplossing te vinden voor nieuwe zelfklevende producten.<\/span><\/span><\/p>\n<p><img loading=\"lazy\" decoding=\"async\" class=\"alignnone size-medium wp-image-799\" src=\"http:\/\/www.globalclickz.com\/develop\/tacon\/wp-content\/uploads\/2020\/02\/tape-converters-die-cut-300x300.jpg\" alt=\"\" width=\"300\" height=\"300\" \/><\/p><\/div><\/div><\/div><div id=\"et-icon-box-419747\" class=\"et-icon-box et-item icon-position-left icon-alignment-left hover-none\" data-parallax=\"false\" data-move=\"false\" data-coordinatex=\"0\" data-coordinatey=\"0\" data-speed=\"10\"><div class=\"et-icon-box-inner et-item-inner et-clearfix\"><div class=\"et-icon border-radius-large full small\"><span class=\"el-icon fas fa-angle-right\"><\/span><\/div><div class=\"et-icon-content et-clearfix\"><h4 class=\"et-icon-box-title\">Laminate<\/h4><p class=\"et-icon-box-content\"><span style=\"font-weight: 600;\"><span class=\"et-font-size\" data-fontsize=\"18px\" data-lineheight=\"28px\">Tacon, Tape Converters is in staat om verschillende tapes op elkaar te lamineren of uw eigen producten zelfklevend te maken. Of het nu gaat om \u00e9\u00e9n of meerdere lagen, Tacon kan uw idee\u00ebn tot leven brengen.<\/span><\/span><\/p>\n<p><img loading=\"lazy\" decoding=\"async\" class=\"alignnone size-medium wp-image-800\" src=\"http:\/\/www.globalclickz.com\/develop\/tacon\/wp-content\/uploads\/2020\/02\/tape-converters-laminate-300x300.jpg\" alt=\"\" width=\"300\" height=\"300\" \/><\/p><\/div><\/div><\/div><div id=\"et-icon-box-974941\" class=\"et-icon-box et-item icon-position-left icon-alignment-left hover-none\" data-parallax=\"false\" data-move=\"false\" data-coordinatex=\"0\" data-coordinatey=\"0\" data-speed=\"10\"><div class=\"et-icon-box-inner et-item-inner et-clearfix\"><div class=\"et-icon border-radius-large full small\"><span class=\"el-icon fas fa-angle-right\"><\/span><\/div><div class=\"et-icon-content et-clearfix\"><h4 class=\"et-icon-box-title\">Printing<\/h4><p class=\"et-icon-box-content\"><span style=\"font-weight: 600;\"><span class=\"et-font-size\" data-fontsize=\"18px\" data-lineheight=\"28px\"> We kunnen tekst en afbeeldingen drukken op verschillende soorten materialen om uw boodschap over te brengen, zoals bedrijfslogo's, productgebruik en instructies.<\/span><\/span><\/p>\n<p><img loading=\"lazy\" decoding=\"async\" class=\"alignnone size-medium wp-image-801\" src=\"http:\/\/www.globalclickz.com\/develop\/tacon\/wp-content\/uploads\/2020\/02\/tape-converters-printing-300x300.jpg\" alt=\"\" width=\"300\" height=\"300\" \/><\/p><\/div><\/div><\/div><div id=\"et-icon-box-947875\" class=\"et-icon-box et-item icon-position-left icon-alignment-left hover-none\" data-parallax=\"false\" data-move=\"false\" data-coordinatex=\"0\" data-coordinatey=\"0\" data-speed=\"10\"><div class=\"et-icon-box-inner et-item-inner et-clearfix\"><div class=\"et-icon border-radius-large full small\"><span class=\"el-icon fas fa-angle-right\"><\/span><\/div><div class=\"et-icon-content et-clearfix\"><h4 class=\"et-icon-box-title\">Sheeting<\/h4><p class=\"et-icon-box-content\"><span style=\"font-weight: 600;\"><span class=\"et-font-size\" data-fontsize=\"18px\" data-lineheight=\"28px\">Sheeting is een proces van het snijden van flexibele materialen en lijmen op elke willekeurige rechthoekige vorm en grootte.<\/span><\/span><\/p>\n<p><img loading=\"lazy\" decoding=\"async\" class=\"alignnone wp-image-803 size-medium\" src=\"http:\/\/www.globalclickz.com\/develop\/tacon\/wp-content\/uploads\/2020\/02\/tape-converters-sheeter-300x300.jpg\" alt=\"\" width=\"300\" height=\"300\" \/><\/p><\/div><\/div><\/div><div id=\"et-icon-box-585395\" class=\"et-icon-box et-item icon-position-left icon-alignment-left hover-none\" data-parallax=\"false\" data-move=\"false\" data-coordinatex=\"0\" data-coordinatey=\"0\" data-speed=\"10\"><div class=\"et-icon-box-inner et-item-inner et-clearfix\"><div class=\"et-icon border-radius-large full small\"><span class=\"el-icon fas fa-angle-right\"><\/span><\/div><div class=\"et-icon-content et-clearfix\"><h4 class=\"et-icon-box-title\">Rewinding<\/h4><p class=\"et-icon-box-content\"><span style=\"font-weight: 600;\"><span class=\"et-font-size\" data-fontsize=\"18px\" data-lineheight=\"28px\">We snijden en wikkelen jumborollen of logs van tapes &amp; flexibele materialen om aan specifieke afmetingen te voldoen die nodig zijn.<\/span><\/span><\/p>\n<p><img loading=\"lazy\" decoding=\"async\" class=\"alignnone size-medium wp-image-800\" src=\"http:\/\/www.globalclickz.com\/develop\/tacon\/wp-content\/uploads\/2020\/02\/tape-converters-laminate-300x300.jpg\" alt=\"\" width=\"300\" height=\"300\" \/><\/p><\/div><\/div><\/div><div id=\"et-icon-box-584706\" class=\"et-icon-box et-item icon-position-left icon-alignment-left hover-none\" data-parallax=\"false\" data-move=\"false\" data-coordinatex=\"0\" data-coordinatey=\"0\" data-speed=\"10\"><div class=\"et-icon-box-inner et-item-inner et-clearfix\"><div class=\"et-icon border-radius-large full small\"><span class=\"el-icon fas fa-angle-right\"><\/span><\/div><div class=\"et-icon-content et-clearfix\"><h4 class=\"et-icon-box-title\">Spooling<\/h4><p class=\"et-icon-box-content\"><span style=\"font-weight: 600;\"><span class=\"et-font-size\" data-fontsize=\"18px\" data-lineheight=\"28px\">Spoelen stelt ons in staat om lange lengtes materiaal op \u00e9\u00e9n spoel op te winden, tot duizenden meters. Dit zal de productiviteit optimaliseren door de stilstandtijd voor de eindgebruiker te verminderen.<\/span><\/span><\/p>\n<p><img loading=\"lazy\" decoding=\"async\" class=\"alignnone wp-image-804 size-medium\" src=\"http:\/\/www.globalclickz.com\/develop\/tacon\/wp-content\/uploads\/2020\/02\/tape-converters-spooling-300x300.jpg\" alt=\"\" width=\"300\" height=\"300\" \/><\/p><\/div><\/div><\/div><div id=\"et-icon-box-122464\" class=\"et-icon-box et-item icon-position-left icon-alignment-left hover-none\" data-parallax=\"false\" data-move=\"false\" data-coordinatex=\"0\" data-coordinatey=\"0\" data-speed=\"10\"><div class=\"et-icon-box-inner et-item-inner et-clearfix\"><div class=\"et-icon border-radius-large full small\"><span class=\"el-icon fas fa-angle-right\"><\/span><\/div><div class=\"et-icon-content et-clearfix\"><h4 class=\"et-icon-box-title\">Verpakkingen<\/h4><p class=\"et-icon-box-content\"><span style=\"font-weight: 600;\"><span class=\"et-font-size\" data-fontsize=\"18px\" data-lineheight=\"28px\"><\/span><strong>Wij kunnen uw product zo verpakken dat het aan uw specifieke eisen voldoet.<\/strong><span style=\"font-weight: 600;\"><\/span><\/span><\/p><\/div><\/div><\/div><\/div><span class=\"et-gap et-clearfix et-gap-918762\"><\/span><h5 class=\"et-heading text-align-left tablet-text-align-inherit mobile-text-align-inherit animate-false no-animation-type\" id=\"et-heading-952146\" data-delay=\"0\" data-mobile-font=\"inherit\" data-mobile-line-height=\"inherit\" data-tablet-landscape-font=\"inherit\" data-tablet-portrait-font=\"inherit\" data-tablet-landscape-line-height=\"inherit\" data-tablet-portrait-line-height=\"inherit\" data-parallax=\"false\" data-move=\"false\" data-coordinatex=\"0\" data-coordinatey=\"0\" data-speed=\"10\"><span class=\"text-wrapper\"><span class=\"text\">Onze belangrijkste markten voor converting<\/span><\/span><\/h5><span class=\"et-gap et-clearfix et-gap-795915\"><\/span><div class=\"vc_row wpb_row vc_inner vc_row-fluid vc_column-gap-56 vc-row-487469\"><div class=\"wpb_column vc_column_container vc_col-sm-6\"><div class=\"vc_column-inner\"><div class=\"wpb_wrapper\"><div id=\"et-progress-265863\" class=\"et-progress\"><div class=\"text\"><h5 class=\"title\">Bouw<\/h5><span class=\"percent\">4<\/span><\/div><div class=\"track-bar\"><div class=\"bar\" data-percentage=\"4\"><\/div><div class=\"track\"><\/div><\/div><\/div><div id=\"et-progress-380509\" class=\"et-progress\"><div class=\"text\"><h5 class=\"title\">Grafisch<\/h5><span class=\"percent\">2<\/span><\/div><div class=\"track-bar\"><div class=\"bar\" data-percentage=\"2\"><\/div><div class=\"track\"><\/div><\/div><\/div><div id=\"et-progress-367387\" class=\"et-progress\"><div class=\"text\"><h5 class=\"title\">Industrie<\/h5><span class=\"percent\">33<\/span><\/div><div class=\"track-bar\"><div class=\"bar\" data-percentage=\"33\"><\/div><div class=\"track\"><\/div><\/div><\/div><\/div><\/div><\/div><div class=\"wpb_column vc_column_container vc_col-sm-6\"><div class=\"vc_column-inner\"><div class=\"wpb_wrapper\"><div id=\"et-progress-464278\" class=\"et-progress\"><div class=\"text\"><h5 class=\"title\">Medisch<\/h5><span class=\"percent\">33<\/span><\/div><div class=\"track-bar\"><div class=\"bar\" data-percentage=\"33\"><\/div><div class=\"track\"><\/div><\/div><\/div><div id=\"et-progress-1141\" class=\"et-progress\"><div class=\"text\"><h5 class=\"title\">Verpakkingen<\/h5><span class=\"percent\">11<\/span><\/div><div class=\"track-bar\"><div class=\"bar\" data-percentage=\"11\"><\/div><div class=\"track\"><\/div><\/div><\/div><div id=\"et-progress-204119\" class=\"et-progress\"><div class=\"text\"><h5 class=\"title\">Vervoer<\/h5><span class=\"percent\">11<\/span><\/div><div class=\"track-bar\"><div class=\"bar\" data-percentage=\"11\"><\/div><div class=\"track\"><\/div><\/div><\/div><\/div><\/div><\/div><\/div>\t\t<\/div>\n\t\t\t<\/div>\n<\/div>\t<\/div>\n\t\t<\/div>\n<\/div>","protected":false},"excerpt":{"rendered":"eBookAdhesive Tape 101Download hereOpen positionsFind out more Stronger together Tacon fabricates adhesive tapes and flexible materials into component parts and finished goods for private labels around Europe.\u00a0 In other words, manufacturers hire Tacon to help produce their products. Our experienced team of application engineers and customer support helps manage the process from design and development, [...]","protected":false},"author":12,"featured_media":0,"parent":820,"menu_order":2,"comment_status":"closed","ping_status":"closed","template":"page-vc.php","meta":{"content-type":"","footnotes":""},"class_list":["post-824","page","type-page","status-publish","hentry"],"_links":{"self":[{"href":"https:\/\/www.tacon.nl\/nl\/wp-json\/wp\/v2\/pages\/824","targetHints":{"allow":["GET"]}}],"collection":[{"href":"https:\/\/www.tacon.nl\/nl\/wp-json\/wp\/v2\/pages"}],"about":[{"href":"https:\/\/www.tacon.nl\/nl\/wp-json\/wp\/v2\/types\/page"}],"author":[{"embeddable":true,"href":"https:\/\/www.tacon.nl\/nl\/wp-json\/wp\/v2\/users\/12"}],"replies":[{"embeddable":true,"href":"https:\/\/www.tacon.nl\/nl\/wp-json\/wp\/v2\/comments?post=824"}],"version-history":[{"count":8,"href":"https:\/\/www.tacon.nl\/nl\/wp-json\/wp\/v2\/pages\/824\/revisions"}],"predecessor-version":[{"id":1706,"href":"https:\/\/www.tacon.nl\/nl\/wp-json\/wp\/v2\/pages\/824\/revisions\/1706"}],"up":[{"embeddable":true,"href":"https:\/\/www.tacon.nl\/nl\/wp-json\/wp\/v2\/pages\/820"}],"wp:attachment":[{"href":"https:\/\/www.tacon.nl\/nl\/wp-json\/wp\/v2\/media?parent=824"}],"curies":[{"name":"wp","href":"https:\/\/api.w.org\/{rel}","templated":true}]}}